{"id":30159,"date":"2025-09-17T12:33:54","date_gmt":"2025-09-17T10:33:54","guid":{"rendered":"https:\/\/woman-c.be\/nieuwsbrief\/"},"modified":"2025-09-22T11:11:36","modified_gmt":"2025-09-22T09:11:36","slug":"nieuwsbrief","status":"publish","type":"page","link":"https:\/\/woman-c.be\/nl\/nieuwsbrief\/","title":{"rendered":"Nieuwsbrief"},"content":{"rendered":"[vc_row type=&#8221;full_width_background&#8221; full_screen_row_position=&#8221;middle&#8221; column_margin=&#8221;default&#8221; column_direction=&#8221;default&#8221; column_direction_tablet=&#8221;default&#8221; column_direction_phone=&#8221;default&#8221; bg_color=&#8221;#fbf7f4&#8243; scene_position=&#8221;center&#8221; top_padding=&#8221;4%&#8221; bottom_padding=&#8221;4%&#8221; text_color=&#8221;dark&#8221; text_align=&#8221;left&#8221; row_border_radius=&#8221;none&#8221; row_border_radius_applies=&#8221;bg&#8221; overflow=&#8221;visible&#8221; overlay_strength=&#8221;0.3&#8243; gradient_direction=&#8221;left_to_right&#8221; shape_divider_position=&#8221;bottom&#8221; bg_image_animation=&#8221;none&#8221; gradient_type=&#8221;default&#8221; shape_type=&#8221;&#8221;][vc_column column_padding=&#8221;padding-4-percent&#8221; column_padding_tablet=&#8221;inherit&#8221; column_padding_phone=&#8221;inherit&#8221; column_padding_position=&#8221;all&#8221; column_element_direction_desktop=&#8221;default&#8221; column_element_spacing=&#8221;default&#8221; desktop_text_alignment=&#8221;default&#8221; tablet_text_alignment=&#8221;default&#8221; phone_text_alignment=&#8221;default&#8221; background_color=&#8221;#ffffff&#8221; background_color_opacity=&#8221;1&#8243; background_hover_color_opacity=&#8221;1&#8243; background_image=&#8221;30129&#8243; background_image_position=&#8221;center center&#8221; background_image_stacking=&#8221;front&#8221; enable_bg_scale=&#8221;true&#8221; background_image_loading=&#8221;default&#8221; column_backdrop_filter=&#8221;none&#8221; column_shadow=&#8221;none&#8221; column_border_radius=&#8221;custom&#8221; top_left_border_radius=&#8221;40&#8243; top_right_border_radius=&#8221;40&#8243; bottom_right_border_radius=&#8221;40&#8243; bottom_left_border_radius=&#8221;40&#8243; column_link_target=&#8221;_self&#8221; column_position=&#8221;default&#8221; el_class=&#8221;shadow-blue&#8221; gradient_direction=&#8221;left_to_right&#8221; overlay_strength=&#8221;0.3&#8243; width=&#8221;1\/1&#8243; tablet_width_inherit=&#8221;default&#8221; animation_type=&#8221;default&#8221; bg_image_animation=&#8221;mask-reveal&#8221; bg_image_animation_mask_direction=&#8221;top&#8221; bg_image_animation_mask_shape=&#8221;circle&#8221; border_type=&#8221;simple&#8221; column_border_width=&#8221;none&#8221; column_border_color=&#8221;#80a4ff&#8221; column_border_style=&#8221;solid&#8221; column_padding_type=&#8221;default&#8221; gradient_type=&#8221;default&#8221;][vc_row_inner content_placement=&#8221;middle&#8221; column_margin=&#8221;default&#8221; column_direction=&#8221;default&#8221; column_direction_tablet=&#8221;default&#8221; column_direction_phone=&#8221;default&#8221; top_padding=&#8221;8%&#8221; text_align=&#8221;left&#8221; row_position=&#8221;default&#8221; row_position_tablet=&#8221;inherit&#8221; row_position_phone=&#8221;inherit&#8221; overflow=&#8221;visible&#8221; pointer_events=&#8221;all&#8221; css=&#8221;.vc_custom_1758105192079{border-radius: 20px !important;}&#8221;][vc_column_inner column_padding=&#8221;no-extra-padding&#8221; column_padding_tablet=&#8221;inherit&#8221; column_padding_phone=&#8221;inherit&#8221; column_padding_position=&#8221;all&#8221; column_element_direction_desktop=&#8221;default&#8221; column_element_spacing=&#8221;default&#8221; desktop_text_alignment=&#8221;default&#8221; tablet_text_alignment=&#8221;default&#8221; phone_text_alignment=&#8221;default&#8221; background_color_opacity=&#8221;1&#8243; background_hover_color_opacity=&#8221;1&#8243; column_backdrop_filter=&#8221;none&#8221; column_shadow=&#8221;none&#8221; column_border_radius=&#8221;none&#8221; column_link_target=&#8221;_self&#8221; overflow=&#8221;visible&#8221; gradient_direction=&#8221;left_to_right&#8221; overlay_strength=&#8221;0.3&#8243; width=&#8221;1\/2&#8243; tablet_width_inherit=&#8221;default&#8221; animation_type=&#8221;default&#8221; bg_image_animation=&#8221;none&#8221; border_type=&#8221;simple&#8221; column_border_width=&#8221;none&#8221; column_border_style=&#8221;solid&#8221; column_padding_type=&#8221;default&#8221; gradient_type=&#8221;default&#8221;][\/vc_column_inner][vc_column_inner column_padding=&#8221;no-extra-padding&#8221; column_padding_tablet=&#8221;inherit&#8221; column_padding_phone=&#8221;inherit&#8221; column_padding_position=&#8221;all&#8221; column_element_direction_desktop=&#8221;default&#8221; column_element_spacing=&#8221;default&#8221; desktop_text_alignment=&#8221;default&#8221; tablet_text_alignment=&#8221;default&#8221; phone_text_alignment=&#8221;default&#8221; background_color_opacity=&#8221;1&#8243; background_hover_color_opacity=&#8221;1&#8243; column_backdrop_filter=&#8221;none&#8221; column_shadow=&#8221;none&#8221; column_border_radius=&#8221;none&#8221; column_link_target=&#8221;_self&#8221; overflow=&#8221;visible&#8221; gradient_direction=&#8221;left_to_right&#8221; overlay_strength=&#8221;0.3&#8243; width=&#8221;1\/2&#8243; tablet_width_inherit=&#8221;default&#8221; animation_type=&#8221;default&#8221; bg_image_animation=&#8221;none&#8221; border_type=&#8221;simple&#8221; column_border_width=&#8221;none&#8221; column_border_style=&#8221;solid&#8221;][vc_column_text]\n<h2 data-start=\"456\" data-end=\"589\">Wil je ook onze nieuwsbrief krijgen ?<\/h2>\n<p>Blijf op de hoogte van het nieuws over het medisch centrum en over onze groepslessen.[\/vc_column_text][vc_column_text]\n<div class=\"wpcf7 no-js\" id=\"wpcf7-f30163-o1\" lang=\"nl-NL\" dir=\"ltr\" data-wpcf7-id=\"30163\">\n<div class=\"screen-reader-response\"><p role=\"status\" aria-live=\"polite\" aria-atomic=\"true\"><\/p> <ul><\/ul><\/div>\n<form action=\"\/nl\/wp-json\/wp\/v2\/pages\/30159#wpcf7-f30163-o1\" method=\"post\" class=\"wpcf7-form init\" aria-label=\"Contactformulier\" novalidate=\"novalidate\" data-status=\"init\">\n<fieldset class=\"hidden-fields-container\"><input type=\"hidden\" name=\"_wpcf7\" value=\"30163\" \/><input type=\"hidden\" name=\"_wpcf7_version\" value=\"6.1.5\" \/><input type=\"hidden\" name=\"_wpcf7_locale\" value=\"nl_NL\" \/><input type=\"hidden\" name=\"_wpcf7_unit_tag\" value=\"wpcf7-f30163-o1\" \/><input type=\"hidden\" name=\"_wpcf7_container_post\" value=\"0\" \/><input type=\"hidden\" name=\"_wpcf7_posted_data_hash\" value=\"\" \/><input type=\"hidden\" name=\"_wpcf7_recaptcha_response\" value=\"\" \/>\n<\/fieldset>\n<div class=\"column-formulaire-left\">\n\t<p><label>Voornaam<br \/>\n<span class=\"wpcf7-form-control-wrap\" data-name=\"first-name\"><input size=\"40\" maxlength=\"400\" class=\"wpcf7-form-control wpcf7-text wpcf7-validates-as-required\" aria-required=\"true\" aria-invalid=\"false\" value=\"\" type=\"text\" name=\"first-name\" \/><\/span><br \/>\n<\/label>\n\t<\/p>\n<\/div>\n<div class=\"column-formulaire\">\n\t<p><label>Naam<br \/>\n<span class=\"wpcf7-form-control-wrap\" data-name=\"last-name\"><input size=\"40\" maxlength=\"400\" class=\"wpcf7-form-control wpcf7-text wpcf7-validates-as-required\" aria-required=\"true\" aria-invalid=\"false\" value=\"\" type=\"text\" name=\"last-name\" \/><\/span><br \/>\n<\/label>\n\t<\/p>\n<\/div>\n<p><label>E-mail<br \/>\n<span class=\"wpcf7-form-control-wrap\" data-name=\"your-email\"><input size=\"40\" maxlength=\"400\" class=\"wpcf7-form-control wpcf7-email wpcf7-validates-as-required wpcf7-text wpcf7-validates-as-email\" aria-required=\"true\" aria-invalid=\"false\" value=\"\" type=\"email\" name=\"your-email\" \/><\/span><br \/>\n<\/label>\n<\/p>\n<p><input class=\"wpcf7-form-control wpcf7-submit has-spinner\" type=\"submit\" value=\"De nieuwsbrief krijgen\" \/>\n<\/p><div class=\"wpcf7-response-output\" aria-hidden=\"true\"><\/div>\n<\/form>\n<\/div>\n[\/vc_column_text][\/vc_column_inner][\/vc_row_inner][\/vc_column][\/vc_row]\n","protected":false},"excerpt":{"rendered":"<p>[vc_row type=&#8221;full_width_background&#8221; full_screen_row_position=&#8221;middle&#8221; column_margin=&#8221;default&#8221; column_direction=&#8221;default&#8221; column_direction_tablet=&#8221;default&#8221; column_direction_phone=&#8221;default&#8221; bg_color=&#8221;#fbf7f4&#8243; scene_position=&#8221;center&#8221; top_padding=&#8221;4%&#8221; bottom_padding=&#8221;4%&#8221; text_color=&#8221;dark&#8221; text_align=&#8221;left&#8221; row_border_radius=&#8221;none&#8221; row_border_radius_applies=&#8221;bg&#8221; overflow=&#8221;visible&#8221; overlay_strength=&#8221;0.3&#8243; gradient_direction=&#8221;left_to_right&#8221; shape_divider_position=&#8221;bottom&#8221; bg_image_animation=&#8221;none&#8221; gradient_type=&#8221;default&#8221; shape_type=&#8221;&#8221;][vc_column column_padding=&#8221;padding-4-percent&#8221; column_padding_tablet=&#8221;inherit&#8221; column_padding_phone=&#8221;inherit&#8221; column_padding_position=&#8221;all&#8221; column_element_direction_desktop=&#8221;default&#8221; column_element_spacing=&#8221;default&#8221; desktop_text_alignment=&#8221;default&#8221; tablet_text_alignment=&#8221;default&#8221;&#8230;<\/p>\n","protected":false},"author":1,"featured_media":0,"parent":0,"menu_order":0,"comment_status":"closed","ping_status":"closed","template":"","meta":{"om_disable_all_campaigns":false,"_monsterinsights_skip_tracking":false,"_monsterinsights_sitenote_active":false,"_monsterinsights_sitenote_note":"","_monsterinsights_sitenote_category":0,"_uf_show_specific_survey":0,"_uf_disable_surveys":false,"footnotes":""},"class_list":["post-30159","page","type-page","status-publish"],"yoast_head":"<!-- This site is optimized with the Yoast SEO plugin v27.4 - https:\/\/yoast.com\/product\/yoast-seo-wordpress\/ -->\n<title>Nieuwsbrief - Woman-C<\/title>\n<meta name=\"robots\" content=\"index, follow, max-snippet:-1, max-image-preview:large, max-video-preview:-1\" \/>\n<link rel=\"canonical\" href=\"https:\/\/woman-c.be\/nl\/nieuwsbrief\/\" \/>\n<meta property=\"og:locale\" content=\"nl_NL\" \/>\n<meta property=\"og:type\" content=\"article\" \/>\n<meta property=\"og:title\" content=\"Nieuwsbrief - Woman-C\" \/>\n<meta property=\"og:description\" content=\"[vc_row type=&#8221;full_width_background&#8221; full_screen_row_position=&#8221;middle&#8221; column_margin=&#8221;default&#8221; column_direction=&#8221;default&#8221; column_direction_tablet=&#8221;default&#8221; column_direction_phone=&#8221;default&#8221; bg_color=&#8221;#fbf7f4&#8243; scene_position=&#8221;center&#8221; top_padding=&#8221;4%&#8221; bottom_padding=&#8221;4%&#8221; text_color=&#8221;dark&#8221; text_align=&#8221;left&#8221; row_border_radius=&#8221;none&#8221; row_border_radius_applies=&#8221;bg&#8221; overflow=&#8221;visible&#8221; overlay_strength=&#8221;0.3&#8243; gradient_direction=&#8221;left_to_right&#8221; shape_divider_position=&#8221;bottom&#8221; bg_image_animation=&#8221;none&#8221; gradient_type=&#8221;default&#8221; shape_type=&#8221;&#8221;][vc_column column_padding=&#8221;padding-4-percent&#8221; column_padding_tablet=&#8221;inherit&#8221; column_padding_phone=&#8221;inherit&#8221; column_padding_position=&#8221;all&#8221; column_element_direction_desktop=&#8221;default&#8221; column_element_spacing=&#8221;default&#8221; desktop_text_alignment=&#8221;default&#8221; tablet_text_alignment=&#8221;default&#8221;...\" \/>\n<meta property=\"og:url\" content=\"https:\/\/woman-c.be\/nl\/nieuwsbrief\/\" \/>\n<meta property=\"og:site_name\" content=\"Woman-C\" \/>\n<meta property=\"article:publisher\" content=\"https:\/\/www.facebook.com\/profile.php?id=100090834891426\" \/>\n<meta property=\"article:modified_time\" content=\"2025-09-22T09:11:36+00:00\" \/>\n<meta property=\"og:image\" content=\"https:\/\/woman-c.be\/wp-content\/uploads\/2024\/05\/woman-c-seo-logo.jpg\" \/>\n\t<meta property=\"og:image:width\" content=\"2400\" \/>\n\t<meta property=\"og:image:height\" content=\"1350\" \/>\n\t<meta property=\"og:image:type\" content=\"image\/jpeg\" \/>\n<meta name=\"twitter:card\" content=\"summary_large_image\" \/>\n<meta name=\"twitter:label1\" content=\"Geschatte leestijd\" \/>\n\t<meta name=\"twitter:data1\" content=\"3 minuten\" \/>\n<script type=\"application\/ld+json\" class=\"yoast-schema-graph\">{\"@context\":\"https:\\\/\\\/schema.org\",\"@graph\":[{\"@type\":\"WebPage\",\"@id\":\"https:\\\/\\\/woman-c.be\\\/nl\\\/nieuwsbrief\\\/\",\"url\":\"https:\\\/\\\/woman-c.be\\\/nl\\\/nieuwsbrief\\\/\",\"name\":\"Nieuwsbrief - Woman-C\",\"isPartOf\":{\"@id\":\"https:\\\/\\\/woman-c.be\\\/nl\\\/#website\"},\"datePublished\":\"2025-09-17T10:33:54+00:00\",\"dateModified\":\"2025-09-22T09:11:36+00:00\",\"breadcrumb\":{\"@id\":\"https:\\\/\\\/woman-c.be\\\/nl\\\/nieuwsbrief\\\/#breadcrumb\"},\"inLanguage\":\"nl-NL\",\"potentialAction\":[{\"@type\":\"ReadAction\",\"target\":[\"https:\\\/\\\/woman-c.be\\\/nl\\\/nieuwsbrief\\\/\"]}]},{\"@type\":\"BreadcrumbList\",\"@id\":\"https:\\\/\\\/woman-c.be\\\/nl\\\/nieuwsbrief\\\/#breadcrumb\",\"itemListElement\":[{\"@type\":\"ListItem\",\"position\":1,\"name\":\"Accueil\",\"item\":\"https:\\\/\\\/woman-c.be\\\/nl\\\/homepage-2025-seo\\\/\"},{\"@type\":\"ListItem\",\"position\":2,\"name\":\"Nieuwsbrief\"}]},{\"@type\":\"WebSite\",\"@id\":\"https:\\\/\\\/woman-c.be\\\/nl\\\/#website\",\"url\":\"https:\\\/\\\/woman-c.be\\\/nl\\\/\",\"name\":\"Woman-C - Centre de soins et clinique pour la femme\",\"description\":\"Centre de soins priv\u00e9 &amp; multidisciplinaire sp\u00e9cialis\u00e9 dans la patient\u00e8le f\u00e9minine\",\"publisher\":{\"@id\":\"https:\\\/\\\/woman-c.be\\\/nl\\\/#organization\"},\"alternateName\":\"Woman-C - Clinique multidisciplinaire sp\u00e9cialis\u00e9 dans la patient\u00e8le f\u00e9minine.\",\"potentialAction\":[{\"@type\":\"SearchAction\",\"target\":{\"@type\":\"EntryPoint\",\"urlTemplate\":\"https:\\\/\\\/woman-c.be\\\/nl\\\/?s={search_term_string}\"},\"query-input\":{\"@type\":\"PropertyValueSpecification\",\"valueRequired\":true,\"valueName\":\"search_term_string\"}}],\"inLanguage\":\"nl-NL\"},{\"@type\":\"Organization\",\"@id\":\"https:\\\/\\\/woman-c.be\\\/nl\\\/#organization\",\"name\":\"Woman-C - Centre de soins pour la femme\",\"alternateName\":\"Woman-C - Clinique multidisciplinaire sp\u00e9cialis\u00e9 dans la patient\u00e8le f\u00e9minine.\",\"url\":\"https:\\\/\\\/woman-c.be\\\/nl\\\/\",\"logo\":{\"@type\":\"ImageObject\",\"inLanguage\":\"nl-NL\",\"@id\":\"https:\\\/\\\/woman-c.be\\\/nl\\\/#\\\/schema\\\/logo\\\/image\\\/\",\"url\":\"https:\\\/\\\/woman-c.be\\\/wp-content\\\/uploads\\\/2024\\\/05\\\/Woman-C-logo_social-icon-3-scaled.jpg\",\"contentUrl\":\"https:\\\/\\\/woman-c.be\\\/wp-content\\\/uploads\\\/2024\\\/05\\\/Woman-C-logo_social-icon-3-scaled.jpg\",\"width\":2560,\"height\":2560,\"caption\":\"Woman-C - Centre de soins pour la femme\"},\"image\":{\"@id\":\"https:\\\/\\\/woman-c.be\\\/nl\\\/#\\\/schema\\\/logo\\\/image\\\/\"},\"sameAs\":[\"https:\\\/\\\/www.facebook.com\\\/profile.php?id=100090834891426\",\"https:\\\/\\\/www.instagram.com\\\/woman__c\\\/\"]}]}<\/script>\n<!-- \/ Yoast SEO plugin. -->","yoast_head_json":{"title":"Nieuwsbrief - Woman-C","robots":{"index":"index","follow":"follow","max-snippet":"max-snippet:-1","max-image-preview":"max-image-preview:large","max-video-preview":"max-video-preview:-1"},"canonical":"https:\/\/woman-c.be\/nl\/nieuwsbrief\/","og_locale":"nl_NL","og_type":"article","og_title":"Nieuwsbrief - Woman-C","og_description":"[vc_row type=&#8221;full_width_background&#8221; full_screen_row_position=&#8221;middle&#8221; column_margin=&#8221;default&#8221; column_direction=&#8221;default&#8221; column_direction_tablet=&#8221;default&#8221; column_direction_phone=&#8221;default&#8221; bg_color=&#8221;#fbf7f4&#8243; scene_position=&#8221;center&#8221; top_padding=&#8221;4%&#8221; bottom_padding=&#8221;4%&#8221; text_color=&#8221;dark&#8221; text_align=&#8221;left&#8221; row_border_radius=&#8221;none&#8221; row_border_radius_applies=&#8221;bg&#8221; overflow=&#8221;visible&#8221; overlay_strength=&#8221;0.3&#8243; gradient_direction=&#8221;left_to_right&#8221; shape_divider_position=&#8221;bottom&#8221; bg_image_animation=&#8221;none&#8221; gradient_type=&#8221;default&#8221; shape_type=&#8221;&#8221;][vc_column column_padding=&#8221;padding-4-percent&#8221; column_padding_tablet=&#8221;inherit&#8221; column_padding_phone=&#8221;inherit&#8221; column_padding_position=&#8221;all&#8221; column_element_direction_desktop=&#8221;default&#8221; column_element_spacing=&#8221;default&#8221; desktop_text_alignment=&#8221;default&#8221; tablet_text_alignment=&#8221;default&#8221;...","og_url":"https:\/\/woman-c.be\/nl\/nieuwsbrief\/","og_site_name":"Woman-C","article_publisher":"https:\/\/www.facebook.com\/profile.php?id=100090834891426","article_modified_time":"2025-09-22T09:11:36+00:00","og_image":[{"width":2400,"height":1350,"url":"https:\/\/woman-c.be\/wp-content\/uploads\/2024\/05\/woman-c-seo-logo.jpg","type":"image\/jpeg"}],"twitter_card":"summary_large_image","twitter_misc":{"Geschatte leestijd":"3 minuten"},"schema":{"@context":"https:\/\/schema.org","@graph":[{"@type":"WebPage","@id":"https:\/\/woman-c.be\/nl\/nieuwsbrief\/","url":"https:\/\/woman-c.be\/nl\/nieuwsbrief\/","name":"Nieuwsbrief - Woman-C","isPartOf":{"@id":"https:\/\/woman-c.be\/nl\/#website"},"datePublished":"2025-09-17T10:33:54+00:00","dateModified":"2025-09-22T09:11:36+00:00","breadcrumb":{"@id":"https:\/\/woman-c.be\/nl\/nieuwsbrief\/#breadcrumb"},"inLanguage":"nl-NL","potentialAction":[{"@type":"ReadAction","target":["https:\/\/woman-c.be\/nl\/nieuwsbrief\/"]}]},{"@type":"BreadcrumbList","@id":"https:\/\/woman-c.be\/nl\/nieuwsbrief\/#breadcrumb","itemListElement":[{"@type":"ListItem","position":1,"name":"Accueil","item":"https:\/\/woman-c.be\/nl\/homepage-2025-seo\/"},{"@type":"ListItem","position":2,"name":"Nieuwsbrief"}]},{"@type":"WebSite","@id":"https:\/\/woman-c.be\/nl\/#website","url":"https:\/\/woman-c.be\/nl\/","name":"Woman-C - Centre de soins et clinique pour la femme","description":"Centre de soins priv\u00e9 &amp; multidisciplinaire sp\u00e9cialis\u00e9 dans la patient\u00e8le f\u00e9minine","publisher":{"@id":"https:\/\/woman-c.be\/nl\/#organization"},"alternateName":"Woman-C - Clinique multidisciplinaire sp\u00e9cialis\u00e9 dans la patient\u00e8le f\u00e9minine.","potentialAction":[{"@type":"SearchAction","target":{"@type":"EntryPoint","urlTemplate":"https:\/\/woman-c.be\/nl\/?s={search_term_string}"},"query-input":{"@type":"PropertyValueSpecification","valueRequired":true,"valueName":"search_term_string"}}],"inLanguage":"nl-NL"},{"@type":"Organization","@id":"https:\/\/woman-c.be\/nl\/#organization","name":"Woman-C - Centre de soins pour la femme","alternateName":"Woman-C - Clinique multidisciplinaire sp\u00e9cialis\u00e9 dans la patient\u00e8le f\u00e9minine.","url":"https:\/\/woman-c.be\/nl\/","logo":{"@type":"ImageObject","inLanguage":"nl-NL","@id":"https:\/\/woman-c.be\/nl\/#\/schema\/logo\/image\/","url":"https:\/\/woman-c.be\/wp-content\/uploads\/2024\/05\/Woman-C-logo_social-icon-3-scaled.jpg","contentUrl":"https:\/\/woman-c.be\/wp-content\/uploads\/2024\/05\/Woman-C-logo_social-icon-3-scaled.jpg","width":2560,"height":2560,"caption":"Woman-C - Centre de soins pour la femme"},"image":{"@id":"https:\/\/woman-c.be\/nl\/#\/schema\/logo\/image\/"},"sameAs":["https:\/\/www.facebook.com\/profile.php?id=100090834891426","https:\/\/www.instagram.com\/woman__c\/"]}]}},"_links":{"self":[{"href":"https:\/\/woman-c.be\/nl\/wp-json\/wp\/v2\/pages\/30159","targetHints":{"allow":["GET"]}}],"collection":[{"href":"https:\/\/woman-c.be\/nl\/wp-json\/wp\/v2\/pages"}],"about":[{"href":"https:\/\/woman-c.be\/nl\/wp-json\/wp\/v2\/types\/page"}],"author":[{"embeddable":true,"href":"https:\/\/woman-c.be\/nl\/wp-json\/wp\/v2\/users\/1"}],"replies":[{"embeddable":true,"href":"https:\/\/woman-c.be\/nl\/wp-json\/wp\/v2\/comments?post=30159"}],"version-history":[{"count":5,"href":"https:\/\/woman-c.be\/nl\/wp-json\/wp\/v2\/pages\/30159\/revisions"}],"predecessor-version":[{"id":30166,"href":"https:\/\/woman-c.be\/nl\/wp-json\/wp\/v2\/pages\/30159\/revisions\/30166"}],"wp:attachment":[{"href":"https:\/\/woman-c.be\/nl\/wp-json\/wp\/v2\/media?parent=30159"}],"curies":[{"name":"wp","href":"https:\/\/api.w.org\/{rel}","templated":true}]}}